{"id":1504,"date":"2025-02-07T21:32:05","date_gmt":"2025-02-07T18:32:05","guid":{"rendered":"https:\/\/etroresidencesistanbul.com\/?page_id=1504"},"modified":"2025-06-12T16:48:29","modified_gmt":"2025-06-12T13:48:29","slug":"the-view","status":"publish","type":"page","link":"https:\/\/etroresidencesistanbul.com\/en\/the-view\/","title":{"rendered":"The View"},"content":{"rendered":"<div data-elementor-type=\"wp-page\" data-elementor-id=\"1504\" class=\"elementor elementor-1504\" data-elementor-post-type=\"page\">\n\t\t\t\t<div class=\"elementor-element elementor-element-b2a9619 e-con-full e-flex e-con e-parent\" data-id=\"b2a9619\" data-element_type=\"container\" data-settings=\"{&quot;background_background&quot;:&quot;classic&quot;}\">\n\t\t<div class=\"elementor-element elementor-element-c2c23d8 e-flex e-con-boxed e-con e-child\" data-id=\"c2c23d8\" data-element_type=\"container\">\n\t\t\t\t\t<div class=\"e-con-inner\">\n\t\t<div class=\"elementor-element elementor-element-49b70c6 e-con-full e-flex e-con e-child\" data-id=\"49b70c6\" data-element_type=\"container\">\n\t\t\t\t<div class=\"elementor-element elementor-element-e0d5376 elementor-widget elementor-widget-heading\" data-id=\"e0d5376\" data-element_type=\"widget\" data-widget_type=\"heading.default\">\n\t\t\t\t<div class=\"elementor-widget-container\">\n\t\t\t\t\t<h1 class=\"elementor-heading-title elementor-size-default\">The View<\/h1>\t\t\t\t<\/div>\n\t\t\t\t<\/div>\n\t\t\t\t<div class=\"elementor-element elementor-element-4c126dc elementor-widget__width-auto elementor-hidden-tablet elementor-hidden-mobile elementor-widget elementor-widget-text-editor\" data-id=\"4c126dc\" data-element_type=\"widget\" data-widget_type=\"text-editor.default\">\n\t\t\t\t<div class=\"elementor-widget-container\">\n\t\t\t\t\t\t\t\t\t<p class=\"p1\">With its location overlooking three bridges in Istanbul, you will have a magical 360\u00b0 panoramic view with ETRO Residences Istanbul, revealing all the colors of the city and all the excitement of life.<\/p>\t\t\t\t\t\t\t\t<\/div>\n\t\t\t\t<\/div>\n\t\t\t\t<div class=\"elementor-element elementor-element-db8f4c7 elementor-widget__width-auto animated-slow elementor-hidden-desktop elementor-invisible elementor-widget elementor-widget-text-editor\" data-id=\"db8f4c7\" data-element_type=\"widget\" data-settings=\"{&quot;_animation&quot;:&quot;fadeIn&quot;}\" data-widget_type=\"text-editor.default\">\n\t\t\t\t<div class=\"elementor-widget-container\">\n\t\t\t\t\t\t\t\t\t<p class=\"p1\">\u0130stanbul&#8217;da \u00fc\u00e7 k\u00f6pr\u00fcy\u00fc g\u00f6ren konumuyla, \u015fehrin t\u00fcm renklerini ve ya\u015fam\u0131n t\u00fcm canl\u0131l\u0131\u011f\u0131n\u0131 g\u00f6zler \u00f6n\u00fcne seren ETRO Residences \u0130stanbul ile 360\u00b0 b\u00fcy\u00fcl\u00fc panoramik bir manzaraya sahip olacaks\u0131n\u0131z.<\/p>\t\t\t\t\t\t\t\t<\/div>\n\t\t\t\t<\/div>\n\t\t\t\t<\/div>\n\t\t\t\t\t<\/div>\n\t\t\t\t<\/div>\n\t\t\t\t<\/div>\n\t\t<div class=\"elementor-element elementor-element-01c6652 e-flex e-con-boxed e-con e-parent\" data-id=\"01c6652\" data-element_type=\"container\">\n\t\t\t\t\t<div class=\"e-con-inner\">\n\t\t<div class=\"elementor-element elementor-element-ff13257 disappear-section e-con-full e-flex e-con e-child\" data-id=\"ff13257\" data-element_type=\"container\">\n\t\t\t\t<div class=\"elementor-element elementor-element-7c7c894 elementor-widget elementor-widget-heading\" data-id=\"7c7c894\" data-element_type=\"widget\" data-widget_type=\"heading.default\">\n\t\t\t\t<div class=\"elementor-widget-container\">\n\t\t\t\t\t<h2 class=\"elementor-heading-title elementor-size-default\"> Every window at ETRO Residences Istanbul, crafted with meticulous attention to detail, unveils a unique perspective of the city. The shimmering Bosphorus, the iconic city silhouette, and verdant forest views imbue your living spaces with extraordinary depth.<\/h2>\t\t\t\t<\/div>\n\t\t\t\t<\/div>\n\t\t\t\t<\/div>\n\t\t\t\t\t<\/div>\n\t\t\t\t<\/div>\n\t\t<div class=\"elementor-element elementor-element-53f36c5 special-section e-flex e-con-boxed e-con e-parent\" data-id=\"53f36c5\" data-element_type=\"container\" data-settings=\"{&quot;background_background&quot;:&quot;classic&quot;}\">\n\t\t\t\t\t<div class=\"e-con-inner\">\n\t\t\t\t\t<\/div>\n\t\t\t\t<\/div>\n\t\t<div class=\"elementor-element elementor-element-d76ed18 e-flex e-con-boxed e-con e-parent\" data-id=\"d76ed18\" data-element_type=\"container\">\n\t\t\t\t\t<div class=\"e-con-inner\">\n\t\t<div class=\"elementor-element elementor-element-17a29d2 e-con-full elementor-hidden-tablet elementor-hidden-mobile e-flex e-con e-child\" data-id=\"17a29d2\" data-element_type=\"container\">\n\t\t\t\t<div class=\"elementor-element elementor-element-df68b03 lazy-fade-in elementor-widget elementor-widget-image\" data-id=\"df68b03\" data-element_type=\"widget\" data-widget_type=\"image.default\">\n\t\t\t\t<div class=\"elementor-widget-container\">\n\t\t\t\t\t\t\t\t\t\t\t\t\t\t\t<img fetchpriority=\"high\" decoding=\"async\" width=\"974\" height=\"1220\" src=\"https:\/\/etroresidencesistanbul.com\/wp-content\/uploads\/2025\/02\/Beyond_tz.webp\" class=\"attachment-full size-full wp-image-4001\" alt=\"\" srcset=\"https:\/\/etroresidencesistanbul.com\/wp-content\/uploads\/2025\/02\/Beyond_tz.webp 974w, https:\/\/etroresidencesistanbul.com\/wp-content\/uploads\/2025\/02\/Beyond_tz-240x300.webp 240w, https:\/\/etroresidencesistanbul.com\/wp-content\/uploads\/2025\/02\/Beyond_tz-818x1024.webp 818w, https:\/\/etroresidencesistanbul.com\/wp-content\/uploads\/2025\/02\/Beyond_tz-768x962.webp 768w\" sizes=\"(max-width: 974px) 100vw, 974px\" \/>\t\t\t\t\t\t\t\t\t\t\t\t\t\t\t<\/div>\n\t\t\t\t<\/div>\n\t\t\t\t<\/div>\n\t\t<div class=\"elementor-element elementor-element-3fe6c9e e-con-full e-flex e-con e-child\" data-id=\"3fe6c9e\" data-element_type=\"container\">\n\t\t\t\t<div class=\"elementor-element elementor-element-a10dea8 elementor-widget elementor-widget-heading\" data-id=\"a10dea8\" data-element_type=\"widget\" data-widget_type=\"heading.default\">\n\t\t\t\t<div class=\"elementor-widget-container\">\n\t\t\t\t\t<h1 class=\"elementor-heading-title elementor-size-default\">Beyond the Horizon<\/h1>\t\t\t\t<\/div>\n\t\t\t\t<\/div>\n\t\t<div class=\"elementor-element elementor-element-e4303ef e-con-full e-flex e-con e-child\" data-id=\"e4303ef\" data-element_type=\"container\">\n\t\t\t\t<div class=\"elementor-element elementor-element-05fef48 elementor-widget elementor-widget-text-editor\" data-id=\"05fef48\" data-element_type=\"widget\" data-widget_type=\"text-editor.default\">\n\t\t\t\t<div class=\"elementor-widget-container\">\n\t\t\t\t\t\t\t\t\t<p class=\"p1\">As you glide through its crystal-clear waters, the breathtaking panorama of Istanbul unfolds before you\u2014where the Bosphorus stretches endlessly, the skyline shimmers with elegance,<\/p>\t\t\t\t\t\t\t\t<\/div>\n\t\t\t\t<\/div>\n\t\t\t\t<\/div>\n\t\t\t\t<\/div>\n\t\t<div class=\"elementor-element elementor-element-e87bd01 e-con-full elementor-hidden-desktop e-flex e-con e-child\" data-id=\"e87bd01\" data-element_type=\"container\">\n\t\t\t\t<div class=\"elementor-element elementor-element-fa201a2 lazy-fade-in elementor-widget elementor-widget-image\" data-id=\"fa201a2\" data-element_type=\"widget\" data-widget_type=\"image.default\">\n\t\t\t\t<div class=\"elementor-widget-container\">\n\t\t\t\t\t\t\t\t\t\t\t\t\t\t\t<img fetchpriority=\"high\" decoding=\"async\" width=\"974\" height=\"1220\" src=\"https:\/\/etroresidencesistanbul.com\/wp-content\/uploads\/2025\/02\/Beyond_tz.webp\" class=\"attachment-full size-full wp-image-4001\" alt=\"\" srcset=\"https:\/\/etroresidencesistanbul.com\/wp-content\/uploads\/2025\/02\/Beyond_tz.webp 974w, https:\/\/etroresidencesistanbul.com\/wp-content\/uploads\/2025\/02\/Beyond_tz-240x300.webp 240w, https:\/\/etroresidencesistanbul.com\/wp-content\/uploads\/2025\/02\/Beyond_tz-818x1024.webp 818w, https:\/\/etroresidencesistanbul.com\/wp-content\/uploads\/2025\/02\/Beyond_tz-768x962.webp 768w\" sizes=\"(max-width: 974px) 100vw, 974px\" \/>\t\t\t\t\t\t\t\t\t\t\t\t\t\t\t<\/div>\n\t\t\t\t<\/div>\n\t\t\t\t<\/div>\n\t\t\t\t\t<\/div>\n\t\t\t\t<\/div>\n\t\t<div class=\"elementor-element elementor-element-a4e30d4 disappear-section e-flex e-con-boxed e-con e-child\" data-id=\"a4e30d4\" data-element_type=\"container\">\n\t\t\t\t\t<div class=\"e-con-inner\">\n\t\t\t\t<div class=\"elementor-element elementor-element-4f8ed83 elementor-widget elementor-widget-heading\" data-id=\"4f8ed83\" data-element_type=\"widget\" data-widget_type=\"heading.default\">\n\t\t\t\t<div class=\"elementor-widget-container\">\n\t\t\t\t\t<h2 class=\"elementor-heading-title elementor-size-default\"> At ETRO Residences Istanbul, greeting dawn\u2019s first light, marveling at the Bosphorus at sunset, and witnessing the city sparkle by night become an everyday ritual.<\/h2>\t\t\t\t<\/div>\n\t\t\t\t<\/div>\n\t\t\t\t\t<\/div>\n\t\t\t\t<\/div>\n\t\t<div class=\"elementor-element elementor-element-c178d6b special-section e-flex e-con-boxed e-con e-child\" data-id=\"c178d6b\" data-element_type=\"container\" data-settings=\"{&quot;background_background&quot;:&quot;classic&quot;}\">\n\t\t\t\t\t<div class=\"e-con-inner\">\n\t\t\t\t\t<\/div>\n\t\t\t\t<\/div>\n\t\t<div class=\"elementor-element elementor-element-2666178 e-flex e-con-boxed e-con e-parent\" data-id=\"2666178\" data-element_type=\"container\">\n\t\t\t\t\t<div class=\"e-con-inner\">\n\t\t\t\t<div class=\"elementor-element elementor-element-44b8472 elementor-widget elementor-widget-html\" data-id=\"44b8472\" data-element_type=\"widget\" data-widget_type=\"html.default\">\n\t\t\t\t<div class=\"elementor-widget-container\">\n\t\t\t\t\t\r\n<script src=\"https:\/\/cdnjs.cloudflare.com\/ajax\/libs\/gsap\/3.4.0\/gsap.min.js\"><\/script>\r\n<script src=\"https:\/\/cdnjs.cloudflare.com\/ajax\/libs\/gsap\/3.3.3\/ScrollTrigger.min.js\"><\/script>\r\n\r\n<style>\r\n    .reveal {\r\n       overflow: hidden;\r\n    }\r\n<\/style>\r\n\r\n<script>\r\n    gsap.registerPlugin(ScrollTrigger);\r\n\r\nlet revealContainers = document.querySelectorAll(\".reveal\");\r\n\r\nrevealContainers.forEach((container) => {\r\n  let image = container.querySelector(\"img\");\r\n  let tl = gsap.timeline({\r\n    scrollTrigger: {\r\n      trigger: container,\r\n      toggleActions: \"restart none none reset\"\r\n    }\r\n  });\r\n\r\n  tl.set(container, { autoAlpha: 1 });\r\n  tl.from(container, 1.5, {\r\n    xPercent: -100,\r\n    ease: Power2.out\r\n  });\r\n  tl.from(image, 1.5, {\r\n    xPercent: 100,\r\n    scale: 1.3,\r\n    delay: -1.5,\r\n    ease: Power2.out\r\n  });\r\n});\r\n\r\n<\/script>\t\t\t\t<\/div>\n\t\t\t\t<\/div>\n\t\t\t\t\t<\/div>\n\t\t\t\t<\/div>\n\t\t<div class=\"elementor-element elementor-element-f7eab9c elementor-hidden-desktop e-flex e-con-boxed e-con e-parent\" data-id=\"f7eab9c\" data-element_type=\"container\">\n\t\t\t\t\t<div class=\"e-con-inner\">\n\t\t\t\t<div class=\"elementor-element elementor-element-302cb30 elementor-widget-divider--view-line elementor-widget elementor-widget-divider\" data-id=\"302cb30\" data-element_type=\"widget\" data-widget_type=\"divider.default\">\n\t\t\t\t<div class=\"elementor-widget-container\">\n\t\t\t\t\t\t\t<div class=\"elementor-divider\">\n\t\t\t<span class=\"elementor-divider-separator\">\n\t\t\t\t\t\t<\/span>\n\t\t<\/div>\n\t\t\t\t\t\t<\/div>\n\t\t\t\t<\/div>\n\t\t\t\t\t<\/div>\n\t\t\t\t<\/div>\n\t\t\t\t<\/div>","protected":false},"excerpt":{"rendered":"<p>Manzara \u0130stanbul&#8217;da \u00fc\u00e7 k\u00f6pr\u00fcy\u00fc g\u00f6ren konumuyla, \u015fehrin t\u00fcm renklerini ve ya\u015fam\u0131n t\u00fcm canl\u0131l\u0131\u011f\u0131n\u0131 g\u00f6zler \u00f6n\u00fcne seren ETRO Residences \u0130stanbul 360\u00b0 b\u00fcy\u00fcl\u00fc panoramik bir manzaraya sahip olacaks\u0131n\u0131z. \u0130stanbul&#8217;da \u00fc\u00e7 k\u00f6pr\u00fcy\u00fc g\u00f6ren konumuyla, \u015fehrin t\u00fcm renklerini ve ya\u015fam\u0131n t\u00fcm canl\u0131l\u0131\u011f\u0131n\u0131 g\u00f6zler \u00f6n\u00fcne seren ETRO Residences \u0130stanbul ile 360\u00b0 b\u00fcy\u00fcl\u00fc panoramik bir manzaraya sahip olacaks\u0131n\u0131z. T\u00fcm ayr\u0131nt\u0131lar\u0131 \u00f6zenle [&hellip;]<\/p>\n","protected":false},"author":1,"featured_media":0,"parent":0,"menu_order":0,"comment_status":"closed","ping_status":"closed","template":"","meta":{"inline_featured_image":false,"footnotes":""},"class_list":["post-1504","page","type-page","status-publish","hentry"],"yoast_head":"<!-- This site is optimized with the Yoast SEO plugin v27.2 - https:\/\/yoast.com\/product\/yoast-seo-wordpress\/ -->\n<title>Manzara - ETRO Residences Istanbul<\/title>\n<meta name=\"description\" content=\"\u0130stanbul\u2019da \u00fc\u00e7 k\u00f6pr\u00fcy\u00fc g\u00f6ren konumuyla, \u015fehrin t\u00fcm renklerini ve ya\u015fam\u0131n t\u00fcm canl\u0131l\u0131\u011f\u0131n\u0131 g\u00f6zler \u00f6n\u00fcne seren RAMS Beyond \u0130stanbul ile 360\u00b0 b\u00fcy\u00fcl\u00fc panoramik bir manzaraya sahip olacaks\u0131n\u0131z.\" \/>\n<meta name=\"robots\" content=\"index, follow, max-snippet:-1, max-image-preview:large, max-video-preview:-1\" \/>\n<link rel=\"canonical\" href=\"https:\/\/etroresidencesistanbul.com\/en\/the-view\/\" \/>\n<meta property=\"og:locale\" content=\"en_US\" \/>\n<meta property=\"og:type\" content=\"article\" \/>\n<meta property=\"og:title\" content=\"Manzara - ETRO Residences Istanbul\" \/>\n<meta property=\"og:description\" content=\"\u0130stanbul\u2019da \u00fc\u00e7 k\u00f6pr\u00fcy\u00fc g\u00f6ren konumuyla, \u015fehrin t\u00fcm renklerini ve ya\u015fam\u0131n t\u00fcm canl\u0131l\u0131\u011f\u0131n\u0131 g\u00f6zler \u00f6n\u00fcne seren RAMS Beyond \u0130stanbul ile 360\u00b0 b\u00fcy\u00fcl\u00fc panoramik bir manzaraya sahip olacaks\u0131n\u0131z.\" \/>\n<meta property=\"og:url\" content=\"https:\/\/etroresidencesistanbul.com\/en\/the-view\/\" \/>\n<meta property=\"og:site_name\" content=\"ETRO Residences Istanbul\" \/>\n<meta property=\"article:modified_time\" content=\"2025-06-12T13:48:29+00:00\" \/>\n<meta property=\"og:image\" content=\"https:\/\/etroresidencesistanbul.com\/wp-content\/uploads\/2025\/02\/Beyond_tz.webp\" \/>\n\t<meta property=\"og:image:width\" content=\"974\" \/>\n\t<meta property=\"og:image:height\" content=\"1220\" \/>\n\t<meta property=\"og:image:type\" content=\"image\/webp\" \/>\n<meta name=\"twitter:card\" content=\"summary_large_image\" \/>\n<meta name=\"twitter:label1\" content=\"Est. reading time\" \/>\n\t<meta name=\"twitter:data1\" content=\"1 minute\" \/>\n<script type=\"application\/ld+json\" class=\"yoast-schema-graph\">{\"@context\":\"https:\/\/schema.org\",\"@graph\":[{\"@type\":\"WebPage\",\"@id\":\"https:\/\/etroresidencesistanbul.com\/manzara\/\",\"url\":\"https:\/\/etroresidencesistanbul.com\/manzara\/\",\"name\":\"Manzara - ETRO Residences Istanbul\",\"isPartOf\":{\"@id\":\"https:\/\/etroresidencesistanbul.com\/#website\"},\"primaryImageOfPage\":{\"@id\":\"https:\/\/etroresidencesistanbul.com\/manzara\/#primaryimage\"},\"image\":{\"@id\":\"https:\/\/etroresidencesistanbul.com\/manzara\/#primaryimage\"},\"thumbnailUrl\":\"https:\/\/etroresidencesistanbul.com\/wp-content\/uploads\/2025\/02\/Beyond_tz.webp\",\"datePublished\":\"2025-02-07T18:32:05+00:00\",\"dateModified\":\"2025-06-12T13:48:29+00:00\",\"description\":\"\u0130stanbul\u2019da \u00fc\u00e7 k\u00f6pr\u00fcy\u00fc g\u00f6ren konumuyla, \u015fehrin t\u00fcm renklerini ve ya\u015fam\u0131n t\u00fcm canl\u0131l\u0131\u011f\u0131n\u0131 g\u00f6zler \u00f6n\u00fcne seren RAMS Beyond \u0130stanbul ile 360\u00b0 b\u00fcy\u00fcl\u00fc panoramik bir manzaraya sahip olacaks\u0131n\u0131z.\",\"breadcrumb\":{\"@id\":\"https:\/\/etroresidencesistanbul.com\/manzara\/#breadcrumb\"},\"inLanguage\":\"en-US\",\"potentialAction\":[{\"@type\":\"ReadAction\",\"target\":[\"https:\/\/etroresidencesistanbul.com\/manzara\/\"]}]},{\"@type\":\"ImageObject\",\"inLanguage\":\"en-US\",\"@id\":\"https:\/\/etroresidencesistanbul.com\/manzara\/#primaryimage\",\"url\":\"https:\/\/etroresidencesistanbul.com\/wp-content\/uploads\/2025\/02\/Beyond_tz.webp\",\"contentUrl\":\"https:\/\/etroresidencesistanbul.com\/wp-content\/uploads\/2025\/02\/Beyond_tz.webp\"},{\"@type\":\"BreadcrumbList\",\"@id\":\"https:\/\/etroresidencesistanbul.com\/manzara\/#breadcrumb\",\"itemListElement\":[{\"@type\":\"ListItem\",\"position\":1,\"name\":\"Home\",\"item\":\"https:\/\/etroresidencesistanbul.com\/\"},{\"@type\":\"ListItem\",\"position\":2,\"name\":\"Manzara\"}]},{\"@type\":\"WebSite\",\"@id\":\"https:\/\/etroresidencesistanbul.com\/#website\",\"url\":\"https:\/\/etroresidencesistanbul.com\/\",\"name\":\"ETRO Residences Istanbul\",\"description\":\"\",\"publisher\":{\"@id\":\"https:\/\/etroresidencesistanbul.com\/#organization\"},\"alternateName\":\"ETRO\",\"potentialAction\":[{\"@type\":\"SearchAction\",\"target\":{\"@type\":\"EntryPoint\",\"urlTemplate\":\"https:\/\/etroresidencesistanbul.com\/?s={search_term_string}\"},\"query-input\":{\"@type\":\"PropertyValueSpecification\",\"valueRequired\":true,\"valueName\":\"search_term_string\"}}],\"inLanguage\":\"en-US\"},{\"@type\":\"Organization\",\"@id\":\"https:\/\/etroresidencesistanbul.com\/#organization\",\"name\":\"ETRO Residences \u0130stanbul\",\"alternateName\":\"ETRO\",\"url\":\"https:\/\/etroresidencesistanbul.com\/\",\"logo\":{\"@type\":\"ImageObject\",\"inLanguage\":\"en-US\",\"@id\":\"https:\/\/etroresidencesistanbul.com\/#\/schema\/logo\/image\/\",\"url\":\"https:\/\/etroresidencesistanbul.com\/wp-content\/uploads\/2025\/02\/cropped-etrofavicon-2.png\",\"contentUrl\":\"https:\/\/etroresidencesistanbul.com\/wp-content\/uploads\/2025\/02\/cropped-etrofavicon-2.png\",\"width\":512,\"height\":512,\"caption\":\"ETRO Residences \u0130stanbul\"},\"image\":{\"@id\":\"https:\/\/etroresidencesistanbul.com\/#\/schema\/logo\/image\/\"}}]}<\/script>\n<!-- \/ Yoast SEO plugin. -->","yoast_head_json":{"title":"The View - ETRO Residences Istanbul","description":"With its location overlooking three bridges in Istanbul, you will have a magical 360\u00b0 panoramic view with RAMS Beyond Istanbul, revealing all the colors of the city and all the excitement of life.","robots":{"index":"index","follow":"follow","max-snippet":"max-snippet:-1","max-image-preview":"max-image-preview:large","max-video-preview":"max-video-preview:-1"},"canonical":"https:\/\/etroresidencesistanbul.com\/en\/the-view\/","og_locale":"en_US","og_type":"article","og_title":"Manzara - ETRO Residences Istanbul","og_description":"\u0130stanbul\u2019da \u00fc\u00e7 k\u00f6pr\u00fcy\u00fc g\u00f6ren konumuyla, \u015fehrin t\u00fcm renklerini ve ya\u015fam\u0131n t\u00fcm canl\u0131l\u0131\u011f\u0131n\u0131 g\u00f6zler \u00f6n\u00fcne seren RAMS Beyond \u0130stanbul ile 360\u00b0 b\u00fcy\u00fcl\u00fc panoramik bir manzaraya sahip olacaks\u0131n\u0131z.","og_url":"https:\/\/etroresidencesistanbul.com\/en\/the-view\/","og_site_name":"ETRO Residences Istanbul","article_modified_time":"2025-06-12T13:48:29+00:00","og_image":[{"width":974,"height":1220,"url":"https:\/\/etroresidencesistanbul.com\/wp-content\/uploads\/2025\/02\/Beyond_tz.webp","type":"image\/webp"}],"twitter_card":"summary_large_image","twitter_misc":{"Est. reading time":"1 minute"},"schema":{"@context":"https:\/\/schema.org","@graph":[{"@type":"WebPage","@id":"https:\/\/etroresidencesistanbul.com\/manzara\/","url":"https:\/\/etroresidencesistanbul.com\/manzara\/","name":"The View - ETRO Residences Istanbul","isPartOf":{"@id":"https:\/\/etroresidencesistanbul.com\/#website"},"primaryImageOfPage":{"@id":"https:\/\/etroresidencesistanbul.com\/manzara\/#primaryimage"},"image":{"@id":"https:\/\/etroresidencesistanbul.com\/manzara\/#primaryimage"},"thumbnailUrl":"https:\/\/etroresidencesistanbul.com\/wp-content\/uploads\/2025\/02\/Beyond_tz.webp","datePublished":"2025-02-07T18:32:05+00:00","dateModified":"2025-06-12T13:48:29+00:00","description":"With its location overlooking three bridges in Istanbul, you will have a magical 360\u00b0 panoramic view with RAMS Beyond Istanbul, revealing all the colors of the city and all the excitement of life.","breadcrumb":{"@id":"https:\/\/etroresidencesistanbul.com\/manzara\/#breadcrumb"},"inLanguage":"en-US","potentialAction":[{"@type":"ReadAction","target":["https:\/\/etroresidencesistanbul.com\/manzara\/"]}]},{"@type":"ImageObject","inLanguage":"en-US","@id":"https:\/\/etroresidencesistanbul.com\/manzara\/#primaryimage","url":"https:\/\/etroresidencesistanbul.com\/wp-content\/uploads\/2025\/02\/Beyond_tz.webp","contentUrl":"https:\/\/etroresidencesistanbul.com\/wp-content\/uploads\/2025\/02\/Beyond_tz.webp"},{"@type":"BreadcrumbList","@id":"https:\/\/etroresidencesistanbul.com\/manzara\/#breadcrumb","itemListElement":[{"@type":"ListItem","position":1,"name":"Home","item":"https:\/\/etroresidencesistanbul.com\/"},{"@type":"ListItem","position":2,"name":"Manzara"}]},{"@type":"WebSite","@id":"https:\/\/etroresidencesistanbul.com\/#website","url":"https:\/\/etroresidencesistanbul.com\/","name":"ETRO Residences Istanbul","description":"","publisher":{"@id":"https:\/\/etroresidencesistanbul.com\/#organization"},"alternateName":"ETRO","potentialAction":[{"@type":"SearchAction","target":{"@type":"EntryPoint","urlTemplate":"https:\/\/etroresidencesistanbul.com\/?s={search_term_string}"},"query-input":{"@type":"PropertyValueSpecification","valueRequired":true,"valueName":"search_term_string"}}],"inLanguage":"en-US"},{"@type":"Organization","@id":"https:\/\/etroresidencesistanbul.com\/#organization","name":"ETRO Residences \u0130stanbul","alternateName":"ETRO","url":"https:\/\/etroresidencesistanbul.com\/","logo":{"@type":"ImageObject","inLanguage":"en-US","@id":"https:\/\/etroresidencesistanbul.com\/#\/schema\/logo\/image\/","url":"https:\/\/etroresidencesistanbul.com\/wp-content\/uploads\/2025\/02\/cropped-etrofavicon-2.png","contentUrl":"https:\/\/etroresidencesistanbul.com\/wp-content\/uploads\/2025\/02\/cropped-etrofavicon-2.png","width":512,"height":512,"caption":"ETRO Residences \u0130stanbul"},"image":{"@id":"https:\/\/etroresidencesistanbul.com\/#\/schema\/logo\/image\/"}}]}},"_links":{"self":[{"href":"https:\/\/etroresidencesistanbul.com\/en\/wp-json\/wp\/v2\/pages\/1504","targetHints":{"allow":["GET"]}}],"collection":[{"href":"https:\/\/etroresidencesistanbul.com\/en\/wp-json\/wp\/v2\/pages"}],"about":[{"href":"https:\/\/etroresidencesistanbul.com\/en\/wp-json\/wp\/v2\/types\/page"}],"author":[{"embeddable":true,"href":"https:\/\/etroresidencesistanbul.com\/en\/wp-json\/wp\/v2\/users\/1"}],"replies":[{"embeddable":true,"href":"https:\/\/etroresidencesistanbul.com\/en\/wp-json\/wp\/v2\/comments?post=1504"}],"version-history":[{"count":13,"href":"https:\/\/etroresidencesistanbul.com\/en\/wp-json\/wp\/v2\/pages\/1504\/revisions"}],"predecessor-version":[{"id":6423,"href":"https:\/\/etroresidencesistanbul.com\/en\/wp-json\/wp\/v2\/pages\/1504\/revisions\/6423"}],"wp:attachment":[{"href":"https:\/\/etroresidencesistanbul.com\/en\/wp-json\/wp\/v2\/media?parent=1504"}],"curies":[{"name":"wp","href":"https:\/\/api.w.org\/{rel}","templated":true}]}}